{"id":54,"date":"2023-03-07T17:42:07","date_gmt":"2023-03-07T16:42:07","guid":{"rendered":"http:\/\/leshaterons.fr\/?page_id=54"},"modified":"2026-01-01T10:51:35","modified_gmt":"2026-01-01T09:51:35","slug":"test","status":"publish","type":"page","link":"https:\/\/leshaterons.fr\/index.php\/test\/","title":{"rendered":"Votre h\u00e9bergement"},"content":{"rendered":"\n<p>Au bout du hameau dit \u00ab&nbsp;<strong>Velars-le-Comte<\/strong>&nbsp;\u00bb, sur la commune de Quarr\u00e9-les-Tombes, nous avons partag\u00e9 en deux parties compl\u00e9tement autonomes une ancienne ferme typiquement morvandelle , l\u2019une pour nos h\u00f4tes, l\u2019autre pour nous. Nous en avons conserv\u00e9 les principaux \u00e9l\u00e9ments architecturaux en y apportant tout le confort moderne. Nos h\u00f4tes disposent de leur propre espace ext\u00e9rieur arbor\u00e9 et fleuri.<\/p>\n\n\n\n<p>Notre g\u00eete modulable se compose de trois parties qui communiquent entre elles et ont toutes un acc\u00e8s direct sur le jardin o\u00f9 se trouve, de plus, un grand appentis couvert.<\/p>\n\n\n\n<figure class=\"wp-block-image size-full\"><img loading=\"lazy\" decoding=\"async\" width=\"704\" height=\"528\" src=\"https:\/\/leshaterons.fr\/wp-content\/uploads\/2024\/01\/arrivee-par-la-departementale.jpg\" alt=\"\" class=\"wp-image-228\" srcset=\"https:\/\/leshaterons.fr\/wp-content\/uploads\/2024\/01\/arrivee-par-la-departementale.jpg 704w, https:\/\/leshaterons.fr\/wp-content\/uploads\/2024\/01\/arrivee-par-la-departementale-300x225.jpg 300w\" sizes=\"auto, (max-width: 704px) 100vw, 704px\" \/><\/figure>\n\n\n\n<p>Quelques pr\u00e9cisions. Vous aurez partout acc\u00e8s \u00e0 la Wifi. Nous aimons bien le mobilier \u00ab&nbsp;vintage&nbsp;\u00bb et avons gard\u00e9 plusieurs \u00e9l\u00e9ments d\u2019origine du lieu. S\u2019il fait frisquet, nous allumons les radiateurs. Gr\u00e2ce \u00e0 nos larges murs de granit, lors des canicules pr\u00e9c\u00e9dentes, nous avons pu maintenir une temp\u00e9rature tout \u00e0 fait acceptable, \u00e0 condition de bien tout fermer le matin apr\u00e8s avoir ventiler la nuit et d&rsquo;utiliser ventilateur et a\u00e9rateur rafraichissant.<\/p>\n\n\n\n<p><strong>La grande salle (40 m\u00b2) pour vos moments conviviaux et un sauna<\/strong><\/p>\n\n\n\n<p>C\u2019est l\u00e0 que vous serez accueillis \u00e0 votre arriv\u00e9e. Grande, lumineuse (baie vitr\u00e9e et porte fen\u00eatre, grande hauteur sous les poutres), vous pourrez y organiser vos repas et vos soir\u00e9es, m\u00eame en y faisant du bruit&#8230; Vous y trouverez des tables, des chaises, de la vaisselle, des jeux, de la documentation touristique, des topos guides&#8230; &nbsp;Au fond de la pi\u00e8ce, un WC et derri\u00e8re la cloison, un sauna, une douche froide d\u2019apr\u00e8s sauna pour les courageux, et\u2026 la machine \u00e0 laver le linge.<\/p>\n\n\n\n<figure class=\"wp-block-gallery has-nested-images columns-default is-cropped wp-block-gallery-1 is-layout-flex wp-block-gallery-is-layout-flex\">\n<figure class=\"wp-block-image size-large\"><img loading=\"lazy\" decoding=\"async\" width=\"1024\" height=\"768\" data-id=\"171\" src=\"https:\/\/leshaterons.fr\/wp-content\/uploads\/2023\/03\/IMG_1513-1024x768.jpg\" alt=\"\" class=\"wp-image-171\" srcset=\"https:\/\/leshaterons.fr\/wp-content\/uploads\/2023\/03\/IMG_1513-1024x768.jpg 1024w, https:\/\/leshaterons.fr\/wp-content\/uploads\/2023\/03\/IMG_1513-300x225.jpg 300w, https:\/\/leshaterons.fr\/wp-content\/uploads\/2023\/03\/IMG_1513-768x576.jpg 768w, https:\/\/leshaterons.fr\/wp-content\/uploads\/2023\/03\/IMG_1513-1536x1152.jpg 1536w, https:\/\/leshaterons.fr\/wp-content\/uploads\/2023\/03\/IMG_1513-2048x1536.jpg 2048w\" sizes=\"auto, (max-width: 1024px) 100vw, 1024px\" \/><figcaption class=\"wp-element-caption\">grande salle, baie vitr\u00e9e<\/figcaption><\/figure>\n\n\n\n<figure class=\"wp-block-image size-large\"><img loading=\"lazy\" decoding=\"async\" width=\"1024\" height=\"768\" data-id=\"173\" src=\"https:\/\/leshaterons.fr\/wp-content\/uploads\/2023\/03\/IMG_1510-1024x768.jpg\" alt=\"\" class=\"wp-image-173\" srcset=\"https:\/\/leshaterons.fr\/wp-content\/uploads\/2023\/03\/IMG_1510-1024x768.jpg 1024w, https:\/\/leshaterons.fr\/wp-content\/uploads\/2023\/03\/IMG_1510-300x225.jpg 300w, https:\/\/leshaterons.fr\/wp-content\/uploads\/2023\/03\/IMG_1510-768x576.jpg 768w, https:\/\/leshaterons.fr\/wp-content\/uploads\/2023\/03\/IMG_1510-1536x1152.jpg 1536w, https:\/\/leshaterons.fr\/wp-content\/uploads\/2023\/03\/IMG_1510-2048x1536.jpg 2048w\" sizes=\"auto, (max-width: 1024px) 100vw, 1024px\" \/><figcaption class=\"wp-element-caption\">Grande salle po\u00eble<\/figcaption><\/figure>\n<\/figure>\n\n\n\n<p><strong>Le grand g\u00eete (8 couchages)<\/strong><\/p>\n\n\n\n<p>Vous pourrez y acc\u00e9der de l\u2019ext\u00e9rieur ou de la grande salle.<\/p>\n\n\n\n<p>Au rez-de-chauss\u00e9e&nbsp;: une cuisine \u00e9quip\u00e9e. &nbsp;R\u00e9frig\u00e9rateur\/cong\u00e9lateur, machine \u00e0 laver la vaisselle, plaque de cuisson \u00e0 gaz, four \u00e9lectrique, micro-onde, \u00e9vier, un vaisselier, des \u00e9tag\u00e8res et dessertes pour ranger les provisions et tout ce qu\u2019il faut pour cuisiner, une grande table, un banc et des chaises. &nbsp;Si vous en avez besoin, nous vous sortirons appareil \u00e0 raclette, couscoussi\u00e8re, gros r\u00e9cipients, \u2026. entrepos\u00e9s dans un autre local. &nbsp;<\/p>\n\n\n\n<p>Plusieurs types de cafeti\u00e8res sont \u00e0 votre disposition.<\/p>\n\n\n\n<p>Au premier \u00e9tage&nbsp;: un grand salon (30 m\u00b2), une salle de bain et un WC s\u00e9par\u00e9. Pour vous d\u00e9tendre des fauteuils, des livres, une t\u00e9l\u00e9. Pour jouer ou \u00e9crire une table et des si\u00e8ges. En fonction du nombre d\u2019occupants, un coin nuit avec clic-clac est isol\u00e9 par un paravent.<\/p>\n\n\n\n<figure class=\"wp-block-gallery has-nested-images columns-default is-cropped wp-block-gallery-2 is-layout-flex wp-block-gallery-is-layout-flex\">\n<figure class=\"wp-block-image size-large\"><img loading=\"lazy\" decoding=\"async\" width=\"253\" height=\"338\" data-id=\"107\" src=\"https:\/\/leshaterons.fr\/wp-content\/uploads\/2023\/03\/chambre-g2-p1.png\" alt=\"\" class=\"wp-image-107\" srcset=\"https:\/\/leshaterons.fr\/wp-content\/uploads\/2023\/03\/chambre-g2-p1.png 253w, https:\/\/leshaterons.fr\/wp-content\/uploads\/2023\/03\/chambre-g2-p1-225x300.png 225w\" sizes=\"auto, (max-width: 253px) 100vw, 253px\" \/><figcaption class=\"wp-element-caption\">Une chambre<\/figcaption><\/figure>\n\n\n\n<figure class=\"wp-block-image size-large\"><img loading=\"lazy\" decoding=\"async\" width=\"243\" height=\"185\" data-id=\"113\" src=\"https:\/\/leshaterons.fr\/wp-content\/uploads\/2023\/03\/cuisine-G2-2.png\" alt=\"\" class=\"wp-image-113\"\/><figcaption class=\"wp-element-caption\">Cuisine<\/figcaption><\/figure>\n\n\n\n<figure class=\"wp-block-image size-large\"><img loading=\"lazy\" decoding=\"async\" width=\"740\" height=\"1000\" data-id=\"114\" src=\"https:\/\/leshaterons.fr\/wp-content\/uploads\/2023\/03\/douche-g22-1.jpg\" alt=\"\" class=\"wp-image-114\" srcset=\"https:\/\/leshaterons.fr\/wp-content\/uploads\/2023\/03\/douche-g22-1.jpg 740w, https:\/\/leshaterons.fr\/wp-content\/uploads\/2023\/03\/douche-g22-1-222x300.jpg 222w\" sizes=\"auto, (max-width: 740px) 100vw, 740px\" \/><figcaption class=\"wp-element-caption\">Une salle d&rsquo;eau<\/figcaption><\/figure>\n\n\n\n<figure class=\"wp-block-image size-large\"><img loading=\"lazy\" decoding=\"async\" width=\"219\" height=\"160\" data-id=\"115\" src=\"https:\/\/leshaterons.fr\/wp-content\/uploads\/2023\/03\/salon-G2-fenetre.png\" alt=\"\" class=\"wp-image-115\"\/><figcaption class=\"wp-element-caption\">Salon coin nuit<\/figcaption><\/figure>\n\n\n\n<figure class=\"wp-block-image size-large\"><img loading=\"lazy\" decoding=\"async\" width=\"338\" height=\"253\" data-id=\"116\" src=\"https:\/\/leshaterons.fr\/wp-content\/uploads\/2023\/03\/salon-G2-escalier-1.png\" alt=\"\" class=\"wp-image-116\" srcset=\"https:\/\/leshaterons.fr\/wp-content\/uploads\/2023\/03\/salon-G2-escalier-1.png 338w, https:\/\/leshaterons.fr\/wp-content\/uploads\/2023\/03\/salon-G2-escalier-1-300x225.png 300w\" sizes=\"auto, (max-width: 338px) 100vw, 338px\" \/><figcaption class=\"wp-element-caption\">Salon coin jeux<\/figcaption><\/figure>\n<\/figure>\n\n\n\n<p>Au second \u00e9tage&nbsp;: 4 chambres (7 couchages), une salle d\u2019eau et un WC s\u00e9par\u00e9. Le couloir central dessert les diff\u00e9rentes pi\u00e8ces. Deux chambres avec lit en 190, tables de chevet, penderie, velux. Une chambre avec lits superpos\u00e9s, commode et \u00e9tag\u00e8res, fenestron. Une chambre avec lit de 90, table de chevet et \u00e9tag\u00e8res, fenestron.<\/p>\n\n\n\n<p><strong>Le petit g\u00eete (4 couchages)<\/strong><\/p>\n\n\n\n<p>Vous pourrez y acc\u00e9der \u00e9galement de l\u2019ext\u00e9rieur ou de la grande salle.<\/p>\n\n\n\n<figure class=\"wp-block-gallery has-nested-images columns-default is-cropped wp-block-gallery-3 is-layout-flex wp-block-gallery-is-layout-flex\">\n<figure class=\"wp-block-image size-large\"><img loading=\"lazy\" decoding=\"async\" width=\"204\" height=\"216\" data-id=\"122\" src=\"https:\/\/leshaterons.fr\/wp-content\/uploads\/2023\/03\/cuisine-G1.png\" alt=\"\" class=\"wp-image-122\"\/><figcaption class=\"wp-element-caption\">Cuisine<\/figcaption><\/figure>\n\n\n\n<figure class=\"wp-block-image size-large\"><img loading=\"lazy\" decoding=\"async\" width=\"338\" height=\"253\" data-id=\"123\" src=\"https:\/\/leshaterons.fr\/wp-content\/uploads\/2023\/03\/chambre-G1.png\" alt=\"\" class=\"wp-image-123\" srcset=\"https:\/\/leshaterons.fr\/wp-content\/uploads\/2023\/03\/chambre-G1.png 338w, https:\/\/leshaterons.fr\/wp-content\/uploads\/2023\/03\/chambre-G1-300x225.png 300w\" sizes=\"auto, (max-width: 338px) 100vw, 338px\" \/><figcaption class=\"wp-element-caption\">Chamre<\/figcaption><\/figure>\n\n\n\n<figure class=\"wp-block-image size-large\"><img loading=\"lazy\" decoding=\"async\" width=\"338\" height=\"253\" data-id=\"124\" src=\"https:\/\/leshaterons.fr\/wp-content\/uploads\/2023\/03\/salon-g1.png\" alt=\"\" class=\"wp-image-124\" srcset=\"https:\/\/leshaterons.fr\/wp-content\/uploads\/2023\/03\/salon-g1.png 338w, https:\/\/leshaterons.fr\/wp-content\/uploads\/2023\/03\/salon-g1-300x225.png 300w\" sizes=\"auto, (max-width: 338px) 100vw, 338px\" \/><figcaption class=\"wp-element-caption\">Espace nuit convertible<\/figcaption><\/figure>\n<\/figure>\n\n\n\n<p>Au rez-de-chauss\u00e9e&nbsp;: une cuisine. Frigidaire, gazini\u00e8re avec four, micro-onde, double \u00e9vier, des placards et des \u00e9tag\u00e8res pour ranger provisions, vaisselle, ustensiles de cuisine, une table ronde et des chaises.<\/p>\n\n\n\n<p>Au premier \u00e9tage&nbsp;: Un grand espace nuit (convertible 2 places) avec TV, bureau, puis une chambre lit double, une salle d\u2019eau, un WC s\u00e9par\u00e9.<\/p>\n\n\n\n<p><strong>Le jardin (500 m\u00b2) et l\u2019appentis<\/strong><\/p>\n\n\n\n<p>Le jardin est r\u00e9partis en deux espaces, l\u2019un devant arbor\u00e9 et fleuri et l\u2019autre \u00e0 gauche plus propice aux jeux de ballons, un barbecue vous y attend ainsi qu\u2019un terrain de boules. Sous le grand appentis couvert \u00e0 gauche du b\u00e2timent vous trouverez la table de ping-pong, des tables, des chaises et des transats \u00e0 installer o\u00f9 vous voulez, des jeux d\u2019ext\u00e9rieurs, \u2026 et deux poubelles pour collecter vos sacs (jaune pour les recyclables, marron pour le tout venant), un bac pour le verre et un pour le compost). Dans cet appentis vous pourrez entreposer \u00e0 l\u2019abri v\u00e9los, ou autres \u00e9quipements.<\/p>\n\n\n\n<figure class=\"wp-block-gallery has-nested-images columns-default is-cropped wp-block-gallery-4 is-layout-flex wp-block-gallery-is-layout-flex\">\n<figure class=\"wp-block-image size-large\"><img loading=\"lazy\" decoding=\"async\" width=\"1024\" height=\"768\" data-id=\"91\" src=\"https:\/\/leshaterons.fr\/wp-content\/uploads\/2023\/03\/appentis-ping-pong-1-1024x768.jpg\" alt=\"\" class=\"wp-image-91\" srcset=\"https:\/\/leshaterons.fr\/wp-content\/uploads\/2023\/03\/appentis-ping-pong-1-1024x768.jpg 1024w, https:\/\/leshaterons.fr\/wp-content\/uploads\/2023\/03\/appentis-ping-pong-1-300x225.jpg 300w, https:\/\/leshaterons.fr\/wp-content\/uploads\/2023\/03\/appentis-ping-pong-1-768x576.jpg 768w, https:\/\/leshaterons.fr\/wp-content\/uploads\/2023\/03\/appentis-ping-pong-1-1536x1152.jpg 1536w, https:\/\/leshaterons.fr\/wp-content\/uploads\/2023\/03\/appentis-ping-pong-1-2048x1536.jpg 2048w\" sizes=\"auto, (max-width: 1024px) 100vw, 1024px\" \/><figcaption class=\"wp-element-caption\">Appentis<\/figcaption><\/figure>\n\n\n\n<figure class=\"wp-block-image size-large\"><img loading=\"lazy\" decoding=\"async\" width=\"338\" height=\"253\" data-id=\"117\" src=\"https:\/\/leshaterons.fr\/wp-content\/uploads\/2023\/03\/jardin-puit.png\" alt=\"\" class=\"wp-image-117\" srcset=\"https:\/\/leshaterons.fr\/wp-content\/uploads\/2023\/03\/jardin-puit.png 338w, https:\/\/leshaterons.fr\/wp-content\/uploads\/2023\/03\/jardin-puit-300x225.png 300w\" sizes=\"auto, (max-width: 338px) 100vw, 338px\" \/><figcaption class=\"wp-element-caption\">Jardin devant<\/figcaption><\/figure>\n\n\n\n<figure class=\"wp-block-image size-large\"><img loading=\"lazy\" decoding=\"async\" width=\"338\" height=\"253\" data-id=\"118\" src=\"https:\/\/leshaterons.fr\/wp-content\/uploads\/2023\/03\/jardin-en-fleurs-jaunes.png\" alt=\"\" class=\"wp-image-118\" srcset=\"https:\/\/leshaterons.fr\/wp-content\/uploads\/2023\/03\/jardin-en-fleurs-jaunes.png 338w, https:\/\/leshaterons.fr\/wp-content\/uploads\/2023\/03\/jardin-en-fleurs-jaunes-300x225.png 300w\" sizes=\"auto, (max-width: 338px) 100vw, 338px\" \/><figcaption class=\"wp-element-caption\">Jardin sur la gauche<\/figcaption><\/figure>\n\n\n\n<figure class=\"wp-block-image size-large\"><img loading=\"lazy\" decoding=\"async\" width=\"1024\" height=\"768\" data-id=\"225\" src=\"https:\/\/leshaterons.fr\/wp-content\/uploads\/2024\/01\/IMG_1631-1024x768.jpg\" alt=\"\" class=\"wp-image-225\" srcset=\"https:\/\/leshaterons.fr\/wp-content\/uploads\/2024\/01\/IMG_1631-1024x768.jpg 1024w, https:\/\/leshaterons.fr\/wp-content\/uploads\/2024\/01\/IMG_1631-300x225.jpg 300w, https:\/\/leshaterons.fr\/wp-content\/uploads\/2024\/01\/IMG_1631-768x576.jpg 768w, https:\/\/leshaterons.fr\/wp-content\/uploads\/2024\/01\/IMG_1631-1536x1152.jpg 1536w, https:\/\/leshaterons.fr\/wp-content\/uploads\/2024\/01\/IMG_1631-2048x1536.jpg 2048w\" sizes=\"auto, (max-width: 1024px) 100vw, 1024px\" \/><\/figure>\n\n\n\n<figure class=\"wp-block-image size-large\"><img loading=\"lazy\" decoding=\"async\" width=\"1024\" height=\"768\" data-id=\"227\" src=\"https:\/\/leshaterons.fr\/wp-content\/uploads\/2024\/01\/IMG_1722-1024x768.jpg\" alt=\"\" class=\"wp-image-227\" srcset=\"https:\/\/leshaterons.fr\/wp-content\/uploads\/2024\/01\/IMG_1722-1024x768.jpg 1024w, https:\/\/leshaterons.fr\/wp-content\/uploads\/2024\/01\/IMG_1722-300x225.jpg 300w, https:\/\/leshaterons.fr\/wp-content\/uploads\/2024\/01\/IMG_1722-768x576.jpg 768w, https:\/\/leshaterons.fr\/wp-content\/uploads\/2024\/01\/IMG_1722-1536x1152.jpg 1536w, https:\/\/leshaterons.fr\/wp-content\/uploads\/2024\/01\/IMG_1722-2048x1536.jpg 2048w\" sizes=\"auto, (max-width: 1024px) 100vw, 1024px\" \/><\/figure>\n<\/figure>\n","protected":false},"excerpt":{"rendered":"<p>Au bout du hameau dit \u00ab&nbsp;Velars-le-Comte&nbsp;\u00bb, sur la commune de Quarr\u00e9-les-Tombes, nous avons partag\u00e9 en deux parties compl\u00e9tement autonomes une ancienne ferme typiquement morvandelle , l\u2019une pour nos h\u00f4tes, l\u2019autre pour nous. Nous en avons conserv\u00e9 les principaux \u00e9l\u00e9ments architecturaux en y apportant tout le confort moderne. Nos h\u00f4tes disposent de leur propre espace ext\u00e9rieur [&hellip;]<\/p>\n","protected":false},"author":2,"featured_media":0,"parent":0,"menu_order":0,"comment_status":"closed","ping_status":"closed","template":"","meta":{"footnotes":""},"class_list":["post-54","page","type-page","status-publish","hentry"],"_links":{"self":[{"href":"https:\/\/leshaterons.fr\/index.php\/wp-json\/wp\/v2\/pages\/54","targetHints":{"allow":["GET"]}}],"collection":[{"href":"https:\/\/leshaterons.fr\/index.php\/wp-json\/wp\/v2\/pages"}],"about":[{"href":"https:\/\/leshaterons.fr\/index.php\/wp-json\/wp\/v2\/types\/page"}],"author":[{"embeddable":true,"href":"https:\/\/leshaterons.fr\/index.php\/wp-json\/wp\/v2\/users\/2"}],"replies":[{"embeddable":true,"href":"https:\/\/leshaterons.fr\/index.php\/wp-json\/wp\/v2\/comments?post=54"}],"version-history":[{"count":17,"href":"https:\/\/leshaterons.fr\/index.php\/wp-json\/wp\/v2\/pages\/54\/revisions"}],"predecessor-version":[{"id":266,"href":"https:\/\/leshaterons.fr\/index.php\/wp-json\/wp\/v2\/pages\/54\/revisions\/266"}],"wp:attachment":[{"href":"https:\/\/leshaterons.fr\/index.php\/wp-json\/wp\/v2\/media?parent=54"}],"curies":[{"name":"wp","href":"https:\/\/api.w.org\/{rel}","templated":true}]}}